{"id":32,"date":"2017-10-31T07:44:25","date_gmt":"2017-10-31T07:44:25","guid":{"rendered":"http:\/\/demo2.drfuri.com\/manufactory\/?page_id=32"},"modified":"2025-12-21T23:54:16","modified_gmt":"2025-12-21T20:54:16","slug":"about-us-2","status":"publish","type":"page","link":"https:\/\/turapaper.com\/index.php\/about-us-2\/","title":{"rendered":"Hakk\u0131m\u0131zda"},"content":{"rendered":"<p>[vc_row][vc_column]<div class=\"mf-empty-space \" style=\"\"><div class=\"mf_empty_space_lg\"  style=\"height: 80px\"><\/div><div class=\"mf_empty_space_md\"  style=\"height: 50px\"><\/div><div class=\"mf_empty_space_xs\"  style=\"height: 50px\"><\/div><\/div>[\/vc_column][\/vc_row][vc_row][vc_column offset=&#8221;vc_col-lg-4 vc_col-md-12&#8243;][vc_single_image image=&#8221;3792&#8243; img_size=&#8221;370&#215;360&#8243;]<div class=\"mf-empty-space \" style=\"\"><div class=\"mf_empty_space_lg\"  style=\"height: 50px\"><\/div><div class=\"mf_empty_space_md\"  style=\"height: 30px\"><\/div><div class=\"mf_empty_space_xs\"  style=\"height: 30px\"><\/div><\/div>[\/vc_column][vc_column offset=&#8221;vc_col-lg-4 vc_col-md-12&#8243;][vc_custom_heading text=&#8221;Tura ka\u011f\u0131t\u00e7\u0131l\u0131k, 4.500 m2 kapal\u0131 alan \u00fczerine kurulmu\u015ftur.&#8221; font_container=&#8221;tag:h2|font_size:20|text_align:left&#8221; use_theme_fonts=&#8221;yes&#8221; el_class=&#8221;fw-medium&#8221; css=&#8221;.vc_custom_1575621337496{margin-top: 0px !important;margin-bottom: 0px !important;}&#8221;]<div class=\"mf-empty-space \" style=\"\"><div class=\"mf_empty_space_lg\"  style=\"height: 20px\"><\/div><div class=\"mf_empty_space_md\"  style=\"height: 20px\"><\/div><div class=\"mf_empty_space_xs\"  style=\"height: 20px\"><\/div><\/div>[vc_column_text]Zengin stok miktar\u0131 sayesinde m\u00fc\u015fterilerimize kaliteli ve h\u0131zl\u0131 hizmet vermektedir. Depomuzdaki \u00fcr\u00fcn stoklar\u0131 barkod sistemi ile y\u00f6netilmektedir. Depo , kesim ve seviyat alanlar\u0131ndaki d\u00fczen ve sistemli \u00e7al\u0131\u015fma ile etiket \u00fcretimi yapan m\u00fc\u015fterilerimizin zamanla yar\u0131\u015fan h\u0131z\u0131na destek olmaktay\u0131z. Her gecen gun ihracat rakamlarini da arttirarak ulke ekonomisine de katkida bulunmaktadir. \u00dclkemizde 441 kadar etiket firmas\u0131 oldu\u011fu d\u00fc\u015f\u00fcn\u00fcld\u00fc\u011f\u00fcnde biz turapaper olarak ayl\u0131k ortalama 120 farkl\u0131 etiket \u00fcretimi yapan firmaya hizmet verebilmekteyiz. 12 Adet dilimleme makinas\u0131 ve 3 adat sevkiyat arac\u0131 ve 30 deneneyimli personelimiz sayesinde stoklot firmalar\u0131 aras\u0131nda bizleri sekt\u00f6r lideri konumuna getirmi\u015ftir.[\/vc_column_text]<div class=\"mf-empty-space \" style=\"\"><div class=\"mf_empty_space_lg\"  style=\"height: 25px\"><\/div><div class=\"mf_empty_space_md\"  style=\"height: 25px\"><\/div><div class=\"mf_empty_space_xs\"  style=\"height: 25px\"><\/div><\/div><div class=\"mf-empty-space \" style=\"\"><div class=\"mf_empty_space_lg\"  style=\"height: 15px\"><\/div><div class=\"mf_empty_space_md\"  style=\"height: 15px\"><\/div><div class=\"mf_empty_space_xs\"  style=\"height: 15px\"><\/div><\/div><div class=\"mf-empty-space \" style=\"\"><div class=\"mf_empty_space_lg\"  style=\"height: 50px\"><\/div><div class=\"mf_empty_space_md\"  style=\"height: 30px\"><\/div><div class=\"mf_empty_space_xs\"  style=\"height: 30px\"><\/div><\/div>[\/vc_column][vc_column offset=&#8221;vc_col-lg-4 vc_col-md-12&#8243;][vc_tta_accordion style=&#8221;flat&#8221; shape=&#8221;square&#8221; color=&#8221;white&#8221; c_icon=&#8221;chevron&#8221; active_section=&#8221;2&#8243;][vc_tta_section title=&#8221;Misyonumuz&#8221; tab_id=&#8221;1508747151686-14cd83fe-86c0&#8243;][vc_column_text]Sekt\u00f6rde \u00f6nc\u00fc ve lider firma olmak. Yurt i\u00e7i oldu\u011fu kadar yurt d\u0131\u015f\u0131 firmalar\u0131na da kaliteli ve h\u0131zl\u0131 hizmet vererek \u00fclke ekonomisine daha fazla katk\u0131da bulunmak.[\/vc_column_text][\/vc_tta_section][vc_tta_section title=&#8221;Vizyonumuz&#8221; tab_id=&#8221;1508747188911-376a52e4-45e9&#8243;][vc_column_text]Yurt i\u00e7inde ve yurt d\u0131\u015f\u0131nda kendinden yap\u0131\u015fkanl\u0131 etiket \u00fcretimi yapan firmalara h\u0131zl\u0131 servis ve kaliteli \u00fcr\u00fcnler sunmak , toplam kalite standartlar\u0131 \u00e7er\u00e7evesinde m\u00fc\u015fteri memnuniyetini sa\u011flamakt\u0131r.[\/vc_column_text][\/vc_tta_section][vc_tta_section tab_id=&#8221;1508747186558-5a68f830-d129&#8243;][\/vc_tta_section][\/vc_tta_accordion]<div class=\"mf-empty-space \" style=\"\"><div class=\"mf_empty_space_lg\"  style=\"height: 50px\"><\/div><div class=\"mf_empty_space_md\"  style=\"height: 30px\"><\/div><div class=\"mf_empty_space_xs\"  style=\"height: 30px\"><\/div><\/div>[\/vc_column][\/vc_row][vc_row][vc_column][vc_separator color=&#8221;turquoise&#8221; border_width=&#8221;3&#8243;][vc_empty_space height=&#8221;20px&#8221;][\/vc_column][\/vc_row][vc_row equal_height=&#8221;yes&#8221; content_placement=&#8221;middle&#8221; enable_parallax=&#8221;yes&#8221; css=&#8221;.vc_custom_1515471913255{padding-top: 50px !important;padding-bottom: 50px !important;background-image: url(http:\/\/demo2.steelthemes.com\/induscity\/wp-content\/uploads\/sites\/9\/2017\/10\/action-bg-1.jpg?id=108) !important;}&#8221;][vc_column offset=&#8221;vc_col-lg-9 vc_col-md-8&#8243;][vc_custom_heading text=&#8221;Bize bir \u015fey sormakta teredd\u00fct etmeyin. M\u00fc\u015fteri destek ekibimiz size her zaman yard\u0131m etmeye haz\u0131r&#8230;&#8221; font_container=&#8221;tag:h2|font_size:20|text_align:left&#8221; use_theme_fonts=&#8221;yes&#8221; el_class=&#8221;fw-medium main-color&#8221; css=&#8221;.vc_custom_1578914586263{margin-top: 0px !important;margin-bottom: 0px !important;}&#8221;]<div class=\"mf-empty-space \" style=\"\"><div class=\"mf_empty_space_lg\" ><\/div><div class=\"mf_empty_space_md\" ><\/div><div class=\"mf_empty_space_xs\"  style=\"height: 30px\"><\/div><\/div>[\/vc_column][vc_column offset=&#8221;vc_col-lg-3 vc_col-md-4&#8243;]<div class=\"mf-button align-right style-1 \"><a class=\"button mf-btn\" href=\"http:\/\/turapaper.com\/index.php\/contact\/\" target=\" _blank\">\u0130leti\u015fim<\/a><\/div>[\/vc_column][\/vc_row]<\/p>\n","protected":false},"excerpt":{"rendered":"<p>[vc_row][vc_column][\/vc_column][\/vc_row][vc_row][vc_column offset=&#8221;vc_col-lg-4 vc_col-md-12&#8243;][vc_single_image image=&#8221;3792&#8243; img_size=&#8221;370&#215;360&#8243;][\/vc_column][vc_column offset=&#8221;vc_col-lg-4 vc_col-md-12&#8243;][vc_custom_heading text=&#8221;Tura ka\u011f\u0131t\u00e7\u0131l\u0131k, 4.500 m2 kapal\u0131 alan \u00fczerine kurulmu\u015ftur.&#8221; font_container=&#8221;tag:h2|font_size:20|text_align:left&#8221; use_theme_fonts=&#8221;yes&#8221; el_class=&#8221;fw-medium&#8221; css=&#8221;.vc_custom_1575621337496{margin-top: 0px !important;margin-bottom: 0px !important;}&#8221;][vc_column_text]Zengin stok miktar\u0131 sayesinde m\u00fc\u015fterilerimize kaliteli ve h\u0131zl\u0131 hizmet vermektedir. Depomuzdaki \u00fcr\u00fcn stoklar\u0131 barkod sistemi ile y\u00f6netilmektedir. Depo , kesim ve seviyat alanlar\u0131ndaki d\u00fczen ve sistemli \u00e7al\u0131\u015fma ile etiket \u00fcretimi yapan m\u00fc\u015fterilerimizin zamanla [&hellip;]<\/p>\n","protected":false},"author":1,"featured_media":0,"parent":0,"menu_order":0,"comment_status":"closed","ping_status":"closed","template":"template-fullwidth.php","meta":{"footnotes":""},"_links":{"self":[{"href":"https:\/\/turapaper.com\/index.php\/wp-json\/wp\/v2\/pages\/32"}],"collection":[{"href":"https:\/\/turapaper.com\/index.php\/wp-json\/wp\/v2\/pages"}],"about":[{"href":"https:\/\/turapaper.com\/index.php\/wp-json\/wp\/v2\/types\/page"}],"author":[{"embeddable":true,"href":"https:\/\/turapaper.com\/index.php\/wp-json\/wp\/v2\/users\/1"}],"replies":[{"embeddable":true,"href":"https:\/\/turapaper.com\/index.php\/wp-json\/wp\/v2\/comments?post=32"}],"version-history":[{"count":33,"href":"https:\/\/turapaper.com\/index.php\/wp-json\/wp\/v2\/pages\/32\/revisions"}],"predecessor-version":[{"id":4732,"href":"https:\/\/turapaper.com\/index.php\/wp-json\/wp\/v2\/pages\/32\/revisions\/4732"}],"wp:attachment":[{"href":"https:\/\/turapaper.com\/index.php\/wp-json\/wp\/v2\/media?parent=32"}],"curies":[{"name":"wp","href":"https:\/\/api.w.org\/{rel}","templated":true}]}}