{"id":3750,"date":"2017-10-31T07:45:20","date_gmt":"2017-10-31T07:45:20","guid":{"rendered":"http:\/\/demo2.drfuri.com\/manufactory\/?page_id=37"},"modified":"2025-12-22T00:01:56","modified_gmt":"2025-12-21T21:01:56","slug":"contact","status":"publish","type":"page","link":"https:\/\/turapaper.com\/index.php\/contact\/","title":{"rendered":"\u0130leti\u015fim"},"content":{"rendered":"<p>[vc_row][vc_column]<div class=\"mf-empty-space \" style=\"\"><div class=\"mf_empty_space_lg\"  style=\"height: 80px\"><\/div><div class=\"mf_empty_space_md\"  style=\"height: 50px\"><\/div><div class=\"mf_empty_space_xs\"  style=\"height: 50px\"><\/div><\/div>[\/vc_column][\/vc_row][vc_row][vc_column]<div class=\"mf-section-title text-left dark large-size \"><h2 >\u0130leti\u015fim Bilgileri<\/h2><\/div><div class=\"mf-empty-space \" style=\"\"><div class=\"mf_empty_space_lg\"  style=\"height: 50px\"><\/div><div class=\"mf_empty_space_md\"  style=\"height: 30px\"><\/div><div class=\"mf_empty_space_xs\"  style=\"height: 30px\"><\/div><\/div>[vc_row_inner][vc_column_inner offset=&#8221;vc_col-lg-4 vc_col-md-12&#8243;]<div class=\"mf-contact-box clearfix \"><div class=\"mf-section-title text-left dark medium-size \"><h2 >Merkez<\/h2><\/div><div class=\"contact-info address\"><i class=\"flaticon-arrow\"><\/i><div><span>Address:<\/span> P\u0131nartepe Mah. Akbo\u011fa Sk. No:2B D:31<br \/>\nB\u00fcy\u00fck\u00e7ekmece \u0130stanbul<\/div><\/div><div class=\"contact-info phone\"><i class=\"fa fa-phone\"><\/i><div><span>Call Us:<\/span> +90 212 486 13 15 Pbx<\/div><\/div><ul class=\"contact-social\"><li class=\"facebook\">\r\n\t\t\t\t\t\t<a href=\"https:\/\/www.facebook.com\/Tura-Paper-1561983277278680\" target=\"_blank\">\r\n\t\t\t\t\t\t\t<i class=\"fa fa-facebook\"><\/i>\r\n\t\t\t\t\t\t<\/a>\r\n\t\t\t\t\t<\/li><li class=\"linkedin\">\r\n\t\t\t\t\t\t<a href=\"https:\/\/www.linkedin.com\/company\/20073975\" target=\"_blank\">\r\n\t\t\t\t\t\t\t<i class=\"fa fa-linkedin\"><\/i>\r\n\t\t\t\t\t\t<\/a>\r\n\t\t\t\t\t<\/li><li class=\"instagram\">\r\n\t\t\t\t\t\t<a href=\"https:\/\/www.instagram.com\/turapaper\/\" target=\"_blank\">\r\n\t\t\t\t\t\t\t<i class=\"fa fa-instagram\"><\/i>\r\n\t\t\t\t\t\t<\/a>\r\n\t\t\t\t\t<\/li><\/ul><\/div><div class=\"mf-empty-space \" style=\"\"><div class=\"mf_empty_space_lg\"  style=\"height: 80px\"><\/div><div class=\"mf_empty_space_md\"  style=\"height: 50px\"><\/div><div class=\"mf_empty_space_xs\"  style=\"height: 50px\"><\/div><\/div>[\/vc_column_inner][vc_column_inner offset=&#8221;vc_col-lg-5 vc_col-md-12&#8243;]<div class=\"mf-department \" id=\"department-slider-69e4c4b473837\">\r\n\t\t\t\t<div class=\"mf-section-title text-left dark medium-size \"><h2 >Sat\u0131\u015f<\/h2><\/div>\r\n\t\t\t\t<div class=\"department-list owl-carousel\"><div class=\"department-group\"><div class=\"department-info \"><div class=\"department-avatar\"><img loading=\"lazy\" decoding=\"async\" class=\"\" src=\"https:\/\/turapaper.com\/wp-content\/uploads\/2019\/08\/kucuk.jpg\" width=\"67\" height=\"64\" alt=\"kucuk\" title=\"kucuk\" \/><\/div><div class=\"info\"><h5 class=\"name\">Mert \u00c7al\u0131m<\/h5><span class=\"phone\"><i class=\"fa fa-phone\"><\/i>+90 532 068 13 15<\/span><div class=\"mail\"><i class=\"fa fa-envelope\"><\/i>mertcalim@turakagit.com<\/div><\/div><\/div><div class=\"department-info \"><div class=\"department-avatar\"><img loading=\"lazy\" decoding=\"async\" class=\"\" src=\"https:\/\/turapaper.com\/wp-content\/uploads\/2019\/08\/kucuk.jpg\" width=\"67\" height=\"64\" alt=\"kucuk\" title=\"kucuk\" \/><\/div><div class=\"info\"><h5 class=\"name\">\u015eafak Arda<\/h5><span class=\"phone\"><i class=\"fa fa-phone\"><\/i>+90 535 503 17 91<\/span><div class=\"mail\"><i class=\"fa fa-envelope\"><\/i>satis@turakagit.com<\/div><\/div><\/div><\/div><div class=\"department-group\"><div class=\"department-info \"><div class=\"department-avatar\"><img loading=\"lazy\" decoding=\"async\" class=\"\" src=\"https:\/\/turapaper.com\/wp-content\/uploads\/2019\/08\/kucuk.jpg\" width=\"67\" height=\"64\" alt=\"kucuk\" title=\"kucuk\" \/><\/div><div class=\"info\"><h5 class=\"name\">Sena Y\u0131lmaz<\/h5><span class=\"phone\"><i class=\"fa fa-phone\"><\/i>+90 537 442 35 57<\/span><div class=\"mail\"><i class=\"fa fa-envelope\"><\/i>satis1@turakagit.com<\/div><\/div><\/div><div class=\"department-info \"><div class=\"department-avatar\"><img loading=\"lazy\" decoding=\"async\" class=\"\" src=\"https:\/\/turapaper.com\/wp-content\/uploads\/2019\/08\/kucuk.jpg\" width=\"67\" height=\"64\" alt=\"kucuk\" title=\"kucuk\" \/><\/div><div class=\"info\"><h5 class=\"name\">Derya Keskin<\/h5><span class=\"phone\"><i class=\"fa fa-phone\"><\/i>+90 538 096 26 76<\/span><div class=\"mail\"><i class=\"fa fa-envelope\"><\/i>satis2@turakagit.com<\/div><\/div><\/div><\/div><\/div>\r\n\t\t\t<\/div><div class=\"mf-empty-space \" style=\"\"><div class=\"mf_empty_space_lg\"  style=\"height: 80px\"><\/div><div class=\"mf_empty_space_md\"  style=\"height: 50px\"><\/div><div class=\"mf_empty_space_xs\"  style=\"height: 50px\"><\/div><\/div>[\/vc_column_inner][vc_column_inner offset=&#8221;vc_col-lg-3 vc_col-md-12&#8243;]<div class=\"mf-working-hour \"><div class=\"mf-section-title text-left dark medium-size \"><h2 >\u00c7al\u0131\u015fma Saatleri<\/h2><\/div><ul class=\"mf-list-hour\"><li><span class=\"day\">Pazartesi<\/span><span class=\"hour\">08:30 - 18:30<\/span><\/li><li><span class=\"day\">Sal\u0131<\/span><span class=\"hour\">08:30 - 18:30<\/span><\/li><li><span class=\"day\">\u00c7ar\u015famba<\/span><span class=\"hour\">08:30 - 18:30<\/span><\/li><li><span class=\"day\">Per\u015fembe<\/span><span class=\"hour\">08:30 - 18:30<\/span><\/li><li><span class=\"day\">Cuma<\/span><span class=\"hour\">08:30 - 18:30<\/span><\/li><li><span class=\"day\">Cumartesi<\/span><span class=\"hour\">Kapal\u0131<\/span><\/li><li><span class=\"day\">Pazar<\/span><span class=\"hour\">Kapal\u0131<\/span><\/li><\/ul><\/div><div class=\"mf-empty-space \" style=\"\"><div class=\"mf_empty_space_lg\"  style=\"height: 80px\"><\/div><div class=\"mf_empty_space_md\"  style=\"height: 50px\"><\/div><div class=\"mf_empty_space_xs\"  style=\"height: 50px\"><\/div><\/div>[\/vc_column_inner][\/vc_row_inner][\/vc_column][\/vc_row][vc_row css=&#8221;.vc_custom_1508231584995{background-color: #f2f2f2 !important;}&#8221;][vc_column]<div class=\"mf-empty-space \" style=\"\"><div class=\"mf_empty_space_lg\"  style=\"height: 80px\"><\/div><div class=\"mf_empty_space_md\"  style=\"height: 50px\"><\/div><div class=\"mf_empty_space_xs\"  style=\"height: 50px\"><\/div><\/div><div class=\"mf-section-title text-center dark large-size \"><h2 >Bize Mesaj Atabilirsiniz<\/h2><\/div><div class=\"mf-empty-space \" style=\"\"><div class=\"mf_empty_space_lg\"  style=\"height: 25px\"><\/div><div class=\"mf_empty_space_md\"  style=\"height: 25px\"><\/div><div class=\"mf_empty_space_xs\"  style=\"height: 25px\"><\/div><\/div>[vc_column_text]<\/p>\n<div class=\"text-center\" style=\"font-size: 18px;\">Bize bir \u015fey sormakta teredd\u00fct etmeyin. M\u00fc\u015fteri destek ekibimiz size her zaman yard\u0131m etmeye haz\u0131r&#8230;<\/div>\n<p>[\/vc_column_text]<div class=\"mf-empty-space \" style=\"\"><div class=\"mf_empty_space_lg\"  style=\"height: 40px\"><\/div><div class=\"mf_empty_space_md\"  style=\"height: 40px\"><\/div><div class=\"mf_empty_space_xs\"  style=\"height: 40px\"><\/div><\/div><div class=\"mf-contact-form-7 form-light \" style=\"\"><div role=\"form\" class=\"wpcf7\" id=\"wpcf7-f1324-o1\" lang=\"en-US\" dir=\"ltr\">\n<div class=\"screen-reader-response\"><\/div>\n<form action=\"\/index.php\/wp-json\/wp\/v2\/pages\/3750#wpcf7-f1324-o1\" method=\"post\" class=\"wpcf7-form\" novalidate=\"novalidate\">\n<div style=\"display: none;\">\n<input type=\"hidden\" name=\"_wpcf7\" value=\"1324\" \/>\n<input type=\"hidden\" name=\"_wpcf7_version\" value=\"5.1.1\" \/>\n<input type=\"hidden\" name=\"_wpcf7_locale\" value=\"en_US\" \/>\n<input type=\"hidden\" name=\"_wpcf7_unit_tag\" value=\"wpcf7-f1324-o1\" \/>\n<input type=\"hidden\" name=\"_wpcf7_container_post\" value=\"0\" \/>\n<input type=\"hidden\" name=\"g-recaptcha-response\" value=\"\" \/>\n<\/div>\n<div class=\"mf-form mf-form-2\">\n<div class=\"row\">\n<div class=\"col-md-6 col-xs-12 col-sm-12 mf-input-field\">\n<p><span class=\"wpcf7-form-control-wrap your-name\"><input type=\"text\" name=\"your-name\" value=\"\" size=\"40\" class=\"wpcf7-form-control wpcf7-text wpcf7-validates-as-required\" aria-required=\"true\" aria-invalid=\"false\" placeholder=\"Ad\u0131n\u0131z*\" \/><\/span><\/p>\n<p><span class=\"wpcf7-form-control-wrap your-email\"><input type=\"email\" name=\"your-email\" value=\"\" size=\"40\" class=\"wpcf7-form-control wpcf7-text wpcf7-email wpcf7-validates-as-required wpcf7-validates-as-email\" aria-required=\"true\" aria-invalid=\"false\" placeholder=\"Email Adresiniz*\" \/><\/span><\/p>\n<p><span class=\"wpcf7-form-control-wrap phone\"><input type=\"text\" name=\"phone\" value=\"\" size=\"40\" class=\"wpcf7-form-control wpcf7-text\" aria-invalid=\"false\" placeholder=\"Telefon Numaran\u0131z\" \/><\/span><\/p>\n<\/div>\n<div class=\"col-md-6 col-xs-12 col-sm-12 mf-textarea-field\">\n<p><span class=\"wpcf7-form-control-wrap comment\"><textarea name=\"comment\" cols=\"40\" rows=\"10\" class=\"wpcf7-form-control wpcf7-textarea\" aria-invalid=\"false\" placeholder=\"Mesaj\u0131n\u0131z\"><\/textarea><\/span><\/p>\n<\/div>\n<div class=\"text-center mf-submit col-md-12 col-xs-12 col-sm-12\"><input type=\"submit\" value=\"G\u00f6nder\" class=\"wpcf7-form-control wpcf7-submit\" \/><\/div>\n<\/div>\n<\/div>\n<div class=\"wpcf7-response-output wpcf7-display-none\"><\/div><\/form><\/div><\/div><div class=\"mf-empty-space \" style=\"\"><div class=\"mf_empty_space_lg\"  style=\"height: 80px\"><\/div><div class=\"mf_empty_space_md\"  style=\"height: 50px\"><\/div><div class=\"mf_empty_space_xs\"  style=\"height: 50px\"><\/div><\/div>[\/vc_column][\/vc_row]<\/p>\n","protected":false},"excerpt":{"rendered":"<p>[vc_row][vc_column][\/vc_column][\/vc_row][vc_row][vc_column][vc_row_inner][vc_column_inner offset=&#8221;vc_col-lg-4 vc_col-md-12&#8243;][\/vc_column_inner][vc_column_inner offset=&#8221;vc_col-lg-5 vc_col-md-12&#8243;][\/vc_column_inner][vc_column_inner offset=&#8221;vc_col-lg-3 vc_col-md-12&#8243;][\/vc_column_inner][\/vc_row_inner][\/vc_column][\/vc_row][vc_row css=&#8221;.vc_custom_1508231584995{background-color: #f2f2f2 !important;}&#8221;][vc_column][vc_column_text] Bize bir \u015fey sormakta teredd\u00fct etmeyin. M\u00fc\u015fteri destek ekibimiz size her zaman yard\u0131m etmeye haz\u0131r&#8230; [\/vc_column_text][\/vc_column][\/vc_row]<\/p>\n","protected":false},"author":1,"featured_media":0,"parent":0,"menu_order":0,"comment_status":"closed","ping_status":"closed","template":"template-fullwidth.php","meta":{"footnotes":""},"_links":{"self":[{"href":"https:\/\/turapaper.com\/index.php\/wp-json\/wp\/v2\/pages\/3750"}],"collection":[{"href":"https:\/\/turapaper.com\/index.php\/wp-json\/wp\/v2\/pages"}],"about":[{"href":"https:\/\/turapaper.com\/index.php\/wp-json\/wp\/v2\/types\/page"}],"author":[{"embeddable":true,"href":"https:\/\/turapaper.com\/index.php\/wp-json\/wp\/v2\/users\/1"}],"replies":[{"embeddable":true,"href":"https:\/\/turapaper.com\/index.php\/wp-json\/wp\/v2\/comments?post=3750"}],"version-history":[{"count":35,"href":"https:\/\/turapaper.com\/index.php\/wp-json\/wp\/v2\/pages\/3750\/revisions"}],"predecessor-version":[{"id":4735,"href":"https:\/\/turapaper.com\/index.php\/wp-json\/wp\/v2\/pages\/3750\/revisions\/4735"}],"wp:attachment":[{"href":"https:\/\/turapaper.com\/index.php\/wp-json\/wp\/v2\/media?parent=3750"}],"curies":[{"name":"wp","href":"https:\/\/api.w.org\/{rel}","templated":true}]}}